{"id":128,"date":"2025-12-14T18:47:48","date_gmt":"2025-12-14T18:47:48","guid":{"rendered":"https:\/\/www.amdconsulting.be\/?page_id=128"},"modified":"2026-01-09T21:07:50","modified_gmt":"2026-01-09T20:07:50","slug":"passez-au-cloud-microsoft-avec-microsoft-365","status":"publish","type":"page","link":"https:\/\/www.amdconsulting.be\/index.php\/passez-au-cloud-microsoft-avec-microsoft-365\/","title":{"rendered":"Passez au cloud Microsoft avec Microsoft 365"},"content":{"rendered":"\n\n\n<p class=\"has-text-align-center\"><strong>Travaillez mieux, simplement, partout.<\/strong><br>Microsoft 365 est une solution cloud compl\u00e8te qui centralise vos emails, documents, r\u00e9unions et outils de collaboration, accessibles \u00e0 tout moment et sur tous vos appareils.<\/p>\n\n\n\n<p class=\"has-text-align-center\">\ud83d\udc49 <em>AMD Consulting vous accompagne pour une transition fluide, s\u00e9curis\u00e9e et adapt\u00e9e \u00e0 votre entreprise.<\/em><\/p>\n\n\n\n\n\n\n\n\n\n\n\n\n\n\n\n\n\n\n\n\n\n\n\n\n\n\n","protected":false},"excerpt":{"rendered":"<p>Travaillez mieux, simplement, partout.Microsoft 365 est une solution cloud compl\u00e8te qui centralise vos emails, documents, r\u00e9unions et outils de collaboration, accessibles \u00e0 tout moment et sur tous vos appareils. \ud83d\udc49 AMD Consulting vous accompagne pour une transition fluide, s\u00e9curis\u00e9e et adapt\u00e9e \u00e0 votre entreprise.<\/p>\n","protected":false},"author":1,"featured_media":0,"parent":0,"menu_order":0,"comment_status":"closed","ping_status":"closed","template":"","meta":{"saved_in_kubio":true,"footnotes":""},"class_list":["post-128","page","type-page","status-publish","hentry"],"kubio_ai_page_context":{"short_desc":"","purpose":"general"},"_links":{"self":[{"href":"https:\/\/www.amdconsulting.be\/index.php\/wp-json\/wp\/v2\/pages\/128","targetHints":{"allow":["GET"]}}],"collection":[{"href":"https:\/\/www.amdconsulting.be\/index.php\/wp-json\/wp\/v2\/pages"}],"about":[{"href":"https:\/\/www.amdconsulting.be\/index.php\/wp-json\/wp\/v2\/types\/page"}],"author":[{"embeddable":true,"href":"https:\/\/www.amdconsulting.be\/index.php\/wp-json\/wp\/v2\/users\/1"}],"replies":[{"embeddable":true,"href":"https:\/\/www.amdconsulting.be\/index.php\/wp-json\/wp\/v2\/comments?post=128"}],"version-history":[{"count":14,"href":"https:\/\/www.amdconsulting.be\/index.php\/wp-json\/wp\/v2\/pages\/128\/revisions"}],"predecessor-version":[{"id":504,"href":"https:\/\/www.amdconsulting.be\/index.php\/wp-json\/wp\/v2\/pages\/128\/revisions\/504"}],"wp:attachment":[{"href":"https:\/\/www.amdconsulting.be\/index.php\/wp-json\/wp\/v2\/media?parent=128"}],"curies":[{"name":"wp","href":"https:\/\/api.w.org\/{rel}","templated":true}]}}